{"id":12,"date":"2021-05-12T04:30:50","date_gmt":"2021-05-12T04:30:50","guid":{"rendered":"https:\/\/lapaserv.com.br\/index.php\/home\/"},"modified":"2024-03-06T19:12:46","modified_gmt":"2024-03-06T22:12:46","slug":"home","status":"publish","type":"page","link":"https:\/\/lapaserv.com.br\/","title":{"rendered":"Inicio"},"content":{"rendered":"\n<div class=\"wp-block-uagb-container uag-blocks-common-selector uagb-block-93db6978 alignfull uagb-is-root-container\"><div class=\"uagb-container-inner-blocks-wrap\">\n<div class=\"wp-block-uagb-container uagb-block-d8f0302f\">\n<div class=\"wp-block-uagb-image uagb-block-d374334f wp-block-uagb-image--layout-default wp-block-uagb-image--effect-static wp-block-uagb-image--align-none\" style=\"border-radius:5px\"><figure class=\"wp-block-uagb-image__figure\"><img loading=\"lazy\" decoding=\"async\" srcset=\"https:\/\/lapaserv.com.br\/wp-content\/uploads\/2023\/12\/imagem-1.jpg ,https:\/\/lapaserv.com.br\/wp-content\/uploads\/2023\/12\/imagem-1.jpg 780w, https:\/\/lapaserv.com.br\/wp-content\/uploads\/2023\/12\/imagem-1.jpg 360w\" sizes=\"(max-width: 480px) 150px\" src=\"https:\/\/lapaserv.com.br\/wp-content\/uploads\/2023\/12\/imagem-1.jpg\" alt=\"\" class=\"uag-image-1514\" width=\"700\" height=\"900\" title=\"\" loading=\"lazy\"\/><\/figure><\/div>\n<\/div>\n\n\n\n<div class=\"wp-block-uagb-container uagb-block-b5c59572\">\n<div class=\"wp-block-uagb-info-box uagb-block-d65e2996 uagb-infobox__content-wrap  uagb-infobox-icon-above-title uagb-infobox-image-valign-top\">\n<div class=\"uagb-ifb-content\">\n<div class=\"uagb-ifb-title-wrap\">\n<h1 class=\"uagb-ifb-title\"><strong>Lapa-Serv: A empresa que voc\u00ea pode confiar<\/strong><\/h1>\n<\/div>\n<h3 class=\"uagb-ifb-desc\">Somos especializados em conserto de eletrodom\u00e9sticos em linha branca.<\/h3>\n<\/div>\n<\/div>\n<\/div>\n<\/div><\/div>\n\n\n\n<div class=\"wp-block-uagb-container uag-blocks-common-selector uagb-block-8d984fe5 alignfull uagb-is-root-container\"><div class=\"uagb-container-inner-blocks-wrap\">\n<div class=\"wp-block-uagb-container uagb-block-397221c0\">\n<div class=\"wp-block-uagb-image uagb-block-6d97b248 wp-block-uagb-image--layout-default wp-block-uagb-image--effect-static wp-block-uagb-image--align-none\"><figure class=\"wp-block-uagb-image__figure\"><img loading=\"lazy\" decoding=\"async\" srcset=\"https:\/\/lapaserv.com.br\/wp-content\/uploads\/2023\/12\/b121266a-64b3-4c7e-9280-6211a49c5abe-1.jpg ,https:\/\/lapaserv.com.br\/wp-content\/uploads\/2023\/12\/b121266a-64b3-4c7e-9280-6211a49c5abe-1.jpg 780w, https:\/\/lapaserv.com.br\/wp-content\/uploads\/2023\/12\/b121266a-64b3-4c7e-9280-6211a49c5abe-1.jpg 360w\" sizes=\"(max-width: 480px) 150px\" src=\"https:\/\/lapaserv.com.br\/wp-content\/uploads\/2023\/12\/b121266a-64b3-4c7e-9280-6211a49c5abe-1.jpg\" alt=\"\" class=\"uag-image-1516\" width=\"800\" height=\"720\" title=\"\" loading=\"lazy\"\/><\/figure><\/div>\n<\/div>\n\n\n\n<div class=\"wp-block-uagb-container uagb-block-7a205111\">\n<div class=\"wp-block-uagb-info-box uagb-block-bfe889ae uagb-infobox__content-wrap  uagb-infobox-icon-above-title uagb-infobox-image-valign-top\">\n<div class=\"uagb-ifb-content\">\n<div class=\"uagb-ifb-title-wrap\">\n<h2 class=\"uagb-ifb-title\">Sobre nossos servi\u00e7os<\/h2>\n<\/div>\n<p class=\"uagb-ifb-desc\">Procuramos proporcionar uma \u00f3tima experi\u00eancia aos nossos clientes com diagn\u00f3stico preciso e pe\u00e7as originais.<\/p>\n<\/div>\n<\/div>\n<\/div>\n<\/div><\/div>\n\n\n\n<div class=\"wp-block-uagb-info-box uagb-block-9cd86779 uagb-infobox__content-wrap  uagb-infobox-icon-above-title uagb-infobox-image-valign-top\"><div class=\"uagb-ifb-content\"><div class=\"uagb-ifb-title-wrap\"><h2 class=\"uagb-ifb-title\">Servi\u00e7os realizados  <\/h2><\/div><\/div><\/div>\n\n\n\n<div class=\"wp-block-uagb-container uagb-block-f48549ae alignfull uagb-is-root-container\"><div class=\"uagb-container-inner-blocks-wrap\">\n<div class=\"wp-block-uagb-container uagb-block-fe22da2a\">\n<div class=\"wp-block-uagb-container uagb-block-b4c76941\">\n<figure class=\"wp-block-image size-full\"><img fetchpriority=\"high\" decoding=\"async\" width=\"400\" height=\"300\" src=\"https:\/\/lapaserv.com.br\/wp-content\/uploads\/2023\/12\/90ef18f1-f84d-4980-8d86-8c914dfe478f.jpg\" alt=\"\" class=\"wp-image-1533\" srcset=\"https:\/\/lapaserv.com.br\/wp-content\/uploads\/2023\/12\/90ef18f1-f84d-4980-8d86-8c914dfe478f.jpg 400w, https:\/\/lapaserv.com.br\/wp-content\/uploads\/2023\/12\/90ef18f1-f84d-4980-8d86-8c914dfe478f-300x225.jpg 300w\" sizes=\"(max-width: 400px) 100vw, 400px\" \/><\/figure>\n\n\n\n<h2 class=\"wp-block-heading\">Conserto de:<\/h2>\n\n\n\n<h3 class=\"wp-block-heading\"><strong>Lava &amp; Seca, Lavadora, Lava Lou\u00e7a, Secadora<\/strong>. <\/h3>\n<\/div>\n\n\n\n<div class=\"wp-block-uagb-container uagb-block-29719c58\">\n<figure class=\"wp-block-image size-full\"><img decoding=\"async\" width=\"400\" height=\"300\" src=\"https:\/\/lapaserv.com.br\/wp-content\/uploads\/2023\/12\/456bd9ed-2069-4978-bfd0-a36c0ddd95e8.jpg\" alt=\"\" class=\"wp-image-1535\" srcset=\"https:\/\/lapaserv.com.br\/wp-content\/uploads\/2023\/12\/456bd9ed-2069-4978-bfd0-a36c0ddd95e8.jpg 400w, https:\/\/lapaserv.com.br\/wp-content\/uploads\/2023\/12\/456bd9ed-2069-4978-bfd0-a36c0ddd95e8-300x225.jpg 300w\" sizes=\"(max-width: 400px) 100vw, 400px\" \/><\/figure>\n\n\n\n<h2 class=\"wp-block-heading\">Conserto de: <\/h2>\n\n\n\n<h3 class=\"wp-block-heading\">Geladeira, Freezer, Frigobar, Syde by Side.<\/h3>\n<\/div>\n\n\n\n<div class=\"wp-block-uagb-container uagb-block-b7a35976\">\n<figure class=\"wp-block-image size-full\"><img decoding=\"async\" width=\"400\" height=\"300\" src=\"https:\/\/lapaserv.com.br\/wp-content\/uploads\/2023\/12\/46cc18df-04d4-4a88-8b5e-6f3dc0969d3b.jpg\" alt=\"\" class=\"wp-image-1536\" srcset=\"https:\/\/lapaserv.com.br\/wp-content\/uploads\/2023\/12\/46cc18df-04d4-4a88-8b5e-6f3dc0969d3b.jpg 400w, https:\/\/lapaserv.com.br\/wp-content\/uploads\/2023\/12\/46cc18df-04d4-4a88-8b5e-6f3dc0969d3b-300x225.jpg 300w\" sizes=\"(max-width: 400px) 100vw, 400px\" \/><\/figure>\n\n\n\n<h2 class=\"wp-block-heading\">Conserto de: <\/h2>\n\n\n\n<h3 class=\"wp-block-heading\">Fog\u00e3o, Micro-ondas e Forno a g\u00e1s.<\/h3>\n<\/div>\n<\/div>\n<\/div><\/div>\n\n\n\n<div class=\"wp-block-uagb-container uagb-block-056bcbd4 alignfull uagb-is-root-container\"><div class=\"uagb-container-inner-blocks-wrap\">\n<div class=\"wp-block-uagb-info-box uagb-block-6776af73 uagb-infobox__content-wrap  uagb-infobox-icon-above-title uagb-infobox-image-valign-top\"><div class=\"uagb-ifb-content\"><div class=\"uagb-ifb-title-wrap\"><h2 class=\"uagb-ifb-title\"><strong><strong><strong><strong>Tornamos o concerto divertido !<\/strong><\/strong><\/strong><\/strong><\/h2><\/div><\/div><\/div>\n\n\n\n<div class=\"wp-block-uagb-container uagb-block-f6f6b592\">\n<figure class=\"wp-block-image size-full\"><img loading=\"lazy\" decoding=\"async\" width=\"741\" height=\"556\" src=\"https:\/\/lapaserv.com.br\/wp-content\/uploads\/2023\/12\/0f3a075f-a0b2-4cdc-b917-9f83ac44bd1e.jpg\" alt=\"\" class=\"wp-image-1543\" srcset=\"https:\/\/lapaserv.com.br\/wp-content\/uploads\/2023\/12\/0f3a075f-a0b2-4cdc-b917-9f83ac44bd1e.jpg 741w, https:\/\/lapaserv.com.br\/wp-content\/uploads\/2023\/12\/0f3a075f-a0b2-4cdc-b917-9f83ac44bd1e-300x225.jpg 300w\" sizes=\"(max-width: 741px) 100vw, 741px\" \/><\/figure>\n\n\n\n<div class=\"wp-block-uagb-container uagb-block-d667b7e9\">\n<div class=\"wp-block-uagb-info-box uagb-block-963c8793 uagb-infobox__content-wrap  uagb-infobox-icon-above-title uagb-infobox-image-valign-top\"><div class=\"uagb-ifb-content\"><div class=\"uagb-ifb-title-wrap\"><h3 class=\"uagb-ifb-title\">Conhe\u00e7a a Lapa Serv <\/h3><\/div><p class=\"uagb-ifb-desc\">A empresa esta h\u00e1 mais de 50 anos em nossa fam\u00edlia passando de gera\u00e7\u00e3o a gera\u00e7\u00e3o <\/p><\/div><\/div>\n\n\n\n<div class=\"wp-block-uagb-icon-list uagb-block-cfcceb3f\"><div class=\"uagb-icon-list__wrap\">\n<div class=\"wp-block-uagb-icon-list-child uagb-block-4f28d0c2\"><a target=\"_self\" aria-label=\"Profissionais com experi\u00eancia \" rel=\"noopener noreferrer\" href=\"#\"> <\/a><span class=\"uagb-icon-list__source-wrap\"><svg xmlns=\"https:\/\/www.w3.org\/2000\/svg\" viewBox=\"0 0 512 512\"><path d=\"M0 256C0 114.6 114.6 0 256 0C397.4 0 512 114.6 512 256C512 397.4 397.4 512 256 512C114.6 512 0 397.4 0 256zM371.8 211.8C382.7 200.9 382.7 183.1 371.8 172.2C360.9 161.3 343.1 161.3 332.2 172.2L224 280.4L179.8 236.2C168.9 225.3 151.1 225.3 140.2 236.2C129.3 247.1 129.3 264.9 140.2 275.8L204.2 339.8C215.1 350.7 232.9 350.7 243.8 339.8L371.8 211.8z\"><\/path><\/svg><\/span><span class=\"uagb-icon-list__label\">Profissionais com experi\u00eancia <\/span><\/div>\n\n\n\n<div class=\"wp-block-uagb-icon-list-child uagb-block-e2136fef\"><a target=\"_self\" aria-label=\"Pe\u00e7as originais \" rel=\"noopener noreferrer\" href=\"#\"> <\/a><span class=\"uagb-icon-list__source-wrap\"><svg xmlns=\"https:\/\/www.w3.org\/2000\/svg\" viewBox=\"0 0 512 512\"><path d=\"M0 256C0 114.6 114.6 0 256 0C397.4 0 512 114.6 512 256C512 397.4 397.4 512 256 512C114.6 512 0 397.4 0 256zM371.8 211.8C382.7 200.9 382.7 183.1 371.8 172.2C360.9 161.3 343.1 161.3 332.2 172.2L224 280.4L179.8 236.2C168.9 225.3 151.1 225.3 140.2 236.2C129.3 247.1 129.3 264.9 140.2 275.8L204.2 339.8C215.1 350.7 232.9 350.7 243.8 339.8L371.8 211.8z\"><\/path><\/svg><\/span><span class=\"uagb-icon-list__label\">Pe\u00e7as originais <\/span><\/div>\n\n\n\n<div class=\"wp-block-uagb-icon-list-child uagb-block-32e3295d\"><a target=\"_self\" aria-label=\"Atendimento e servi\u00e7os de boa qualidade\" rel=\"noopener noreferrer\" href=\"#\"> <\/a><span class=\"uagb-icon-list__source-wrap\"><svg xmlns=\"https:\/\/www.w3.org\/2000\/svg\" viewBox=\"0 0 512 512\"><path d=\"M0 256C0 114.6 114.6 0 256 0C397.4 0 512 114.6 512 256C512 397.4 397.4 512 256 512C114.6 512 0 397.4 0 256zM371.8 211.8C382.7 200.9 382.7 183.1 371.8 172.2C360.9 161.3 343.1 161.3 332.2 172.2L224 280.4L179.8 236.2C168.9 225.3 151.1 225.3 140.2 236.2C129.3 247.1 129.3 264.9 140.2 275.8L204.2 339.8C215.1 350.7 232.9 350.7 243.8 339.8L371.8 211.8z\"><\/path><\/svg><\/span><span class=\"uagb-icon-list__label\">Atendimento e servi\u00e7os de boa qualidade<\/span><\/div>\n<\/div><\/div>\n<\/div>\n<\/div>\n<\/div><\/div>\n\n\n\n<div class=\"wp-block-uagb-container uagb-block-ae6b08cb alignfull uagb-is-root-container\"><div class=\"uagb-container-inner-blocks-wrap\">\n<div class=\"wp-block-uagb-info-box uagb-block-a6bc7bd5 uagb-infobox__content-wrap  uagb-infobox-icon-above-title uagb-infobox-image-valign-top\"><div class=\"uagb-ifb-content\"><div class=\"uagb-ifb-title-wrap\"><h2 class=\"uagb-ifb-title\">O que nossos clientes dizem<\/h2><\/div><\/div><\/div>\n\n\n\n<div class=\"wp-block-uagb-testimonial uagb-slick-carousel uagb-tm__arrow-outside uagb-block-d364dc15 uagb-post__carousel_equal-height uagb-post__carousel_notset\"><div class=\"is-carousel uagb-tm__columns-3 uagb-tm__items\"><div class=\"uagb-testimonial__wrap  uagb-tm__imgicon-style-circle uagb-tm__image-position-bottom uagb-tm__bg-type-color \"><div class=\"uagb-tm__content\"><div class=\"uagb-tm__overlay\"><\/div><div class=\"uagb-tm__text-wrap\"><div class=\"uagb-tm__desc\">J\u00e1 me atenderam algumas vezes.<br>Excelente servi\u00e7o, r\u00e1pido, com qualidade e pre\u00e7o justo. <\/div><div class=\"uagb-tm__meta-inner\"><div class=\"uagb-tm__image-content\"><div class=\"uagb-tm__image\"><img loading=\"lazy\" decoding=\"async\" class=\"uagb-tm-img-src\" src=\"https:\/\/websitedemos.net\/health-wellness-08\/wp-content\/uploads\/sites\/846\/2021\/05\/testimonial1-150x150.png\" alt=\"\" width=\"45\" height=\"45\" loading=\"lazy\"\/><\/div><\/div><div class=\"uagb-testimonial-details\"><span class=\"uagb-tm__author-name\">Gisele Batista <\/span><span class=\"uagb-tm__company\"><\/span><\/div><\/div><\/div><\/div><\/div><div class=\"uagb-testimonial__wrap  uagb-tm__imgicon-style-circle uagb-tm__image-position-bottom uagb-tm__bg-type-color \"><div class=\"uagb-tm__content\"><div class=\"uagb-tm__overlay\"><\/div><div class=\"uagb-tm__text-wrap\"><div class=\"uagb-tm__desc\">Precisei de um conserto na minha geladeira, fui prontamente atendido e meu problema resolvido em pouqu\u00edssimas horas. Agilidade e efici\u00eancia. Gostei muito.<\/div><div class=\"uagb-tm__meta-inner\"><div class=\"uagb-tm__image-content\"><div class=\"uagb-tm__image\"><img loading=\"lazy\" decoding=\"async\" class=\"uagb-tm-img-src\" src=\"https:\/\/websitedemos.net\/health-wellness-08\/wp-content\/uploads\/sites\/846\/2021\/05\/testimonial3-150x150.png\" alt=\"\" width=\"45\" height=\"45\" loading=\"lazy\"\/><\/div><\/div><div class=\"uagb-testimonial-details\"><span class=\"uagb-tm__author-name\">Alexandre Valente <\/span><span class=\"uagb-tm__company\"><\/span><\/div><\/div><\/div><\/div><\/div><div class=\"uagb-testimonial__wrap  uagb-tm__imgicon-style-circle uagb-tm__image-position-bottom uagb-tm__bg-type-color \"><div class=\"uagb-tm__content\"><div class=\"uagb-tm__overlay\"><\/div><div class=\"uagb-tm__text-wrap\"><div class=\"uagb-tm__desc\">\u00d3timo atendimento. Minha lava e seca estava apresentando barulho. Agendei uma visita t\u00e9cnica e enviaram um t\u00e9cnico rapidamente em minha resid\u00eancia . Agora minha lava e seca est\u00e1 perfeita.<\/div><div class=\"uagb-tm__meta-inner\"><div class=\"uagb-tm__image-content\"><div class=\"uagb-tm__image\"><img loading=\"lazy\" decoding=\"async\" class=\"uagb-tm-img-src\" src=\"https:\/\/websitedemos.net\/health-wellness-08\/wp-content\/uploads\/sites\/846\/2021\/05\/testimonial2-150x150.png\" alt=\"\" width=\"45\" height=\"45\" loading=\"lazy\"\/><\/div><\/div><div class=\"uagb-testimonial-details\"><span class=\"uagb-tm__author-name\">Eduardo Ayumi <\/span><span class=\"uagb-tm__company\"><\/span><\/div><\/div><\/div><\/div><\/div><\/div><\/div>\n<\/div><\/div>\n\n\n\n<div class=\"wp-block-uagb-container uagb-block-b4b75a5f alignfull uagb-is-root-container\"><div class=\"uagb-container-inner-blocks-wrap\">\n<div class=\"wp-block-uagb-container uagb-block-4ee3e8fd\">\n<div class=\"wp-block-uagb-info-box uagb-block-dd03ee62 uagb-infobox__content-wrap  uagb-infobox-icon-left-title uagb-infobox-left uagb-infobox-image-valign-top\"><div class=\"uagb-ifb-content\"><div class=\"uagb-ifb-left-title-image\"><div class=\"uagb-ifb-icon-wrap\"><div class=\"uagb-iconbox-icon-wrap uagb-infobox-shape-circle\"><svg xmlns=\"https:\/\/www.w3.org\/2000\/svg\" viewBox=\"0 0 512 512\"><path d=\"M18.92 351.2l108.5-46.52c12.78-5.531 27.77-1.801 36.45 8.98l44.09 53.82c69.25-34 125.5-90.31 159.5-159.5l-53.81-44.04c-10.75-8.781-14.41-23.69-8.974-36.47l46.51-108.5c6.094-13.91 21.1-21.52 35.79-18.11l100.8 23.25c14.25 3.25 24.22 15.8 24.22 30.46c0 252.3-205.2 457.5-457.5 457.5c-14.67 0-27.18-9.968-30.45-24.22l-23.25-100.8C-2.571 372.4 5.018 357.2 18.92 351.2z\"><\/path><\/svg><\/div><\/div><div class=\"uagb-ifb-title-wrap\"><h5 class=\"uagb-ifb-title\">Telefone :(11) 3872-4344<br>WhatsApp: (11) 9643-12314<\/h5><\/div><\/div><\/div><\/div>\n<\/div>\n\n\n\n<div class=\"wp-block-uagb-container uagb-block-2ec1ada3\">\n<div class=\"wp-block-uagb-info-box uagb-block-4ab2776a uagb-infobox__content-wrap  uagb-infobox-icon-left-title uagb-infobox-left uagb-infobox-image-valign-top\"><div class=\"uagb-ifb-content\"><div class=\"uagb-ifb-left-title-image\"><div class=\"uagb-ifb-icon-wrap\"><div class=\"uagb-iconbox-icon-wrap uagb-infobox-shape-circle\"><svg xmlns=\"https:\/\/www.w3.org\/2000\/svg\" viewBox=\"0 0 384 512\"><path d=\"M168.3 499.2C116.1 435 0 279.4 0 192C0 85.96 85.96 0 192 0C298 0 384 85.96 384 192C384 279.4 267 435 215.7 499.2C203.4 514.5 180.6 514.5 168.3 499.2H168.3zM192 256C227.3 256 256 227.3 256 192C256 156.7 227.3 128 192 128C156.7 128 128 156.7 128 192C128 227.3 156.7 256 192 256z\"><\/path><\/svg><\/div><\/div><div class=\"uagb-ifb-title-wrap\"><h5 class=\"uagb-ifb-title\">Rua : Professor Dario Ribeiro, 1626  Casa Verde &#8211; SP <\/h5><\/div><\/div><\/div><\/div>\n<\/div>\n\n\n\n<div class=\"wp-block-uagb-container uagb-block-d4901ee7\">\n<div class=\"wp-block-uagb-advanced-heading uagb-block-6177958f\"><\/div>\n<\/div>\n\n\n\n<div class=\"wp-block-uagb-container uagb-block-fd1afceb\"><\/div>\n<\/div><\/div>\n","protected":false},"excerpt":{"rendered":"<p>Lapa-Serv: A empresa que voc\u00ea pode confiar Somos especializados em conserto de eletrodom\u00e9sticos em linha branca. Sobre nossos servi\u00e7os Procuramos proporcionar uma \u00f3tima experi\u00eancia aos nossos clientes com diagn\u00f3stico preciso e pe\u00e7as originais. Conserto de: Lava &amp; Seca, Lavadora, Lava Lou\u00e7a, Secadora. Conserto de: Geladeira, Freezer, Frigobar, Syde by Side. Conserto de: Fog\u00e3o, Micro-ondas e &hellip;<\/p>\n<p class=\"read-more\"> <a class=\"\" href=\"https:\/\/lapaserv.com.br\/\"> <span class=\"screen-reader-text\">Inicio<\/span> Read More &raquo;<\/a><\/p>\n","protected":false},"author":1,"featured_media":0,"parent":0,"menu_order":0,"comment_status":"closed","ping_status":"closed","template":"","meta":{"_uag_custom_page_level_css":"","site-sidebar-layout":"no-sidebar","site-content-layout":"plain-container","ast-site-content-layout":"normal-width-container","site-content-style":"unboxed","site-sidebar-style":"unboxed","ast-global-header-display":"","ast-banner-title-visibility":"","ast-main-header-display":"","ast-hfb-above-header-display":"","ast-hfb-below-header-display":"","ast-hfb-mobile-header-display":"","site-post-title":"disabled","ast-breadcrumbs-content":"","ast-featured-img":"disabled","footer-sml-layout":"","theme-transparent-header-meta":"enabled","adv-header-id-meta":"","stick-header-meta":"","header-above-stick-meta":"","header-main-stick-meta":"","header-below-stick-meta":"","astra-migrate-meta-layouts":"set","ast-page-background-enabled":"default","ast-page-background-meta":{"desktop":{"background-color":"var(--ast-global-color-4)","background-image":"","background-repeat":"repeat","background-position":"center center","background-size":"auto","background-attachment":"scroll","background-type":"","background-media":"","overlay-type":"","overlay-color":"","overlay-gradient":""},"tablet":{"background-color":"","background-image":"","background-repeat":"repeat","background-position":"center center","background-size":"auto","background-attachment":"scroll","background-type":"","background-media":"","overlay-type":"","overlay-color":"","overlay-gradient":""},"mobile":{"background-color":"","background-image":"","background-repeat":"repeat","background-position":"center center","background-size":"auto","background-attachment":"scroll","background-type":"","background-media":"","overlay-type":"","overlay-color":"","overlay-gradient":""}},"ast-content-background-meta":{"desktop":{"background-color":"var(--ast-global-color-5)","background-image":"","background-repeat":"repeat","background-position":"center center","background-size":"auto","background-attachment":"scroll","background-type":"","background-media":"","overlay-type":"","overlay-color":"","overlay-gradient":""},"tablet":{"background-color":"var(--ast-global-color-5)","background-image":"","background-repeat":"repeat","background-position":"center center","background-size":"auto","background-attachment":"scroll","background-type":"","background-media":"","overlay-type":"","overlay-color":"","overlay-gradient":""},"mobile":{"background-color":"var(--ast-global-color-5)","background-image":"","background-repeat":"repeat","background-position":"center center","background-size":"auto","background-attachment":"scroll","background-type":"","background-media":"","overlay-type":"","overlay-color":"","overlay-gradient":""}},"footnotes":"","_joinchat":[]},"uagb_featured_image_src":{"full":false,"thumbnail":false,"medium":false,"medium_large":false,"large":false,"1536x1536":false,"2048x2048":false},"uagb_author_info":{"display_name":"lapaserv.com.br","author_link":"https:\/\/lapaserv.com.br\/index.php\/author\/lapaserv-com-br\/"},"uagb_comment_info":0,"uagb_excerpt":"Lapa-Serv: A empresa que voc\u00ea pode confiar Somos especializados em conserto de eletrodom\u00e9sticos em linha branca. Sobre nossos servi\u00e7os Procuramos proporcionar uma \u00f3tima experi\u00eancia aos nossos clientes com diagn\u00f3stico preciso e pe\u00e7as originais. Conserto de: Lava &amp; Seca, Lavadora, Lava Lou\u00e7a, Secadora. Conserto de: Geladeira, Freezer, Frigobar, Syde by Side. Conserto de: Fog\u00e3o, Micro-ondas e&hellip;","_links":{"self":[{"href":"https:\/\/lapaserv.com.br\/index.php\/wp-json\/wp\/v2\/pages\/12"}],"collection":[{"href":"https:\/\/lapaserv.com.br\/index.php\/wp-json\/wp\/v2\/pages"}],"about":[{"href":"https:\/\/lapaserv.com.br\/index.php\/wp-json\/wp\/v2\/types\/page"}],"author":[{"embeddable":true,"href":"https:\/\/lapaserv.com.br\/index.php\/wp-json\/wp\/v2\/users\/1"}],"replies":[{"embeddable":true,"href":"https:\/\/lapaserv.com.br\/index.php\/wp-json\/wp\/v2\/comments?post=12"}],"version-history":[{"count":29,"href":"https:\/\/lapaserv.com.br\/index.php\/wp-json\/wp\/v2\/pages\/12\/revisions"}],"predecessor-version":[{"id":1616,"href":"https:\/\/lapaserv.com.br\/index.php\/wp-json\/wp\/v2\/pages\/12\/revisions\/1616"}],"wp:attachment":[{"href":"https:\/\/lapaserv.com.br\/index.php\/wp-json\/wp\/v2\/media?parent=12"}],"curies":[{"name":"wp","href":"https:\/\/api.w.org\/{rel}","templated":true}]}}